{"id":402,"date":"2025-12-23T19:01:18","date_gmt":"2025-12-23T19:01:18","guid":{"rendered":"https:\/\/lapeshouse.com\/?page_id=402"},"modified":"2025-12-26T13:25:52","modified_gmt":"2025-12-26T13:25:52","slug":"ubeda","status":"publish","type":"page","link":"https:\/\/lapeshouse.com\/es\/ubeda\/","title":{"rendered":"Ubeda"},"content":{"rendered":"<div data-elementor-type=\"wp-page\" data-elementor-id=\"402\" class=\"elementor elementor-402\">\n\t\t\t\t<div class=\"elementor-element elementor-element-ff2fbb4 location-wrapper ubeda e-flex e-con-boxed e-con e-parent\" data-id=\"ff2fbb4\" data-element_type=\"container\">\n\t\t\t\t\t<div class=\"e-con-inner\">\n\t\t\t\t<div class=\"elementor-element elementor-element-b37213f elementor-widget elementor-widget-heading\" data-id=\"b37213f\" data-element_type=\"widget\" data-widget_type=\"heading.default\">\n\t\t\t\t\t<h1 class=\"elementor-heading-title elementor-size-default\"><b>Casa Aurora<\/b><\/h1>\t\t\t\t<\/div>\n\t\t\t\t<div class=\"elementor-element elementor-element-7c6cb7b elementor-widget elementor-widget-text-editor\" data-id=\"7c6cb7b\" data-element_type=\"widget\" data-widget_type=\"text-editor.default\">\n\t\t\t\t\t\t\t\t\t<p>Alojamientos elegantes en el coraz\u00f3n hist\u00f3rico de \u00dabeda<\/p>\t\t\t\t\t\t\t\t<\/div>\n\t\t\t\t<div class=\"elementor-element elementor-element-f8b7ad0 elementor-widget elementor-widget-button\" data-id=\"f8b7ad0\" data-element_type=\"widget\" data-widget_type=\"button.default\">\n\t\t\t\t\t\t\t\t\t\t<a class=\"elementor-button elementor-button-link elementor-size-sm\" href=\"https:\/\/lapeshouse.com\/es\/descubre-el-encanto-del-sitio-web-para-apartamentos-aurora\/\">\n\t\t\t\t\t\t<span class=\"elementor-button-content-wrapper\">\n\t\t\t\t\t\t\t\t\t<span class=\"elementor-button-text\">Aprenda mas<\/span>\n\t\t\t\t\t<\/span>\n\t\t\t\t\t<\/a>\n\t\t\t\t\t\t\t\t<\/div>\n\t\t\t\t<div class=\"elementor-element elementor-element-7ce2d37 elementor-widget elementor-widget-button\" data-id=\"7ce2d37\" data-element_type=\"widget\" data-widget_type=\"button.default\">\n\t\t\t\t\t\t\t\t\t\t<a class=\"elementor-button elementor-button-link elementor-size-sm\" href=\"https:\/\/bookonline.pro\/es\/properties\/101569?unidades=1&#038;target_url=_self&#038;referencia_propietario=web_home\">\n\t\t\t\t\t\t<span class=\"elementor-button-content-wrapper\">\n\t\t\t\t\t\t\t\t\t<span class=\"elementor-button-text\">Reserva tu estancia<\/span>\n\t\t\t\t\t<\/span>\n\t\t\t\t\t<\/a>\n\t\t\t\t\t\t\t\t<\/div>\n\t\t\t\t<div class=\"elementor-element elementor-element-85fa161 elementor-widget elementor-widget-image\" data-id=\"85fa161\" data-element_type=\"widget\" data-widget_type=\"image.default\">\n\t\t\t\t\t\t\t\t\t\t\t\t\t\t\t<img fetchpriority=\"high\" decoding=\"async\" width=\"683\" height=\"1024\" src=\"https:\/\/lapeshouse.com\/wp-content\/uploads\/2025\/10\/alcoleaFront-683x1024.png\" class=\"attachment-large size-large wp-image-19\" alt=\"\" srcset=\"https:\/\/lapeshouse.com\/wp-content\/uploads\/2025\/10\/alcoleaFront-683x1024.png 683w, https:\/\/lapeshouse.com\/wp-content\/uploads\/2025\/10\/alcoleaFront-200x300.png 200w, https:\/\/lapeshouse.com\/wp-content\/uploads\/2025\/10\/alcoleaFront-768x1152.png 768w, https:\/\/lapeshouse.com\/wp-content\/uploads\/2025\/10\/alcoleaFront.png 1024w\" sizes=\"(max-width: 683px) 100vw, 683px\" \/>\t\t\t\t\t\t\t\t\t\t\t\t\t\t\t<\/div>\n\t\t\t\t<div class=\"elementor-element elementor-element-a400ac1 elementor-widget elementor-widget-heading\" data-id=\"a400ac1\" data-element_type=\"widget\" data-widget_type=\"heading.default\">\n\t\t\t\t\t<h3 class=\"elementor-heading-title elementor-size-default\">Vive el encanto de nuestro alojamiento renovado en \u00dabeda<\/h3>\t\t\t\t<\/div>\n\t\t\t\t<div class=\"elementor-element elementor-element-5e3e87a elementor-align-left elementor-widget elementor-widget-button\" data-id=\"5e3e87a\" data-element_type=\"widget\" data-widget_type=\"button.default\">\n\t\t\t\t\t\t\t\t\t\t<a class=\"elementor-button elementor-button-link elementor-size-sm\" href=\"https:\/\/lapeshouse.com\/es\/contact-form\/\">\n\t\t\t\t\t\t<span class=\"elementor-button-content-wrapper\">\n\t\t\t\t\t\t\t\t\t<span class=\"elementor-button-text\">Contactanos\/ Has una pregunta<\/span>\n\t\t\t\t\t<\/span>\n\t\t\t\t\t<\/a>\n\t\t\t\t\t\t\t\t<\/div>\n\t\t\t\t\t<\/div>\n\t\t\t\t<\/div>\n\t\t\t\t<\/div>","protected":false},"excerpt":{"rendered":"<p>Aurora House Elegant accommodations\u00a0 in the historic heart of \u00dabeda Learn More Book your stay Experience the charm of our renovated accomodation in Ubeda Contact us \/ Ask a question<\/p>","protected":false},"author":1,"featured_media":0,"parent":0,"menu_order":0,"comment_status":"closed","ping_status":"closed","template":"","meta":{"footnotes":""},"class_list":["post-402","page","type-page","status-publish","hentry"],"_hostinger_reach_plugin_has_subscription_block":false,"_hostinger_reach_plugin_is_elementor":false,"_links":{"self":[{"href":"https:\/\/lapeshouse.com\/es\/wp-json\/wp\/v2\/pages\/402","targetHints":{"allow":["GET"]}}],"collection":[{"href":"https:\/\/lapeshouse.com\/es\/wp-json\/wp\/v2\/pages"}],"about":[{"href":"https:\/\/lapeshouse.com\/es\/wp-json\/wp\/v2\/types\/page"}],"author":[{"embeddable":true,"href":"https:\/\/lapeshouse.com\/es\/wp-json\/wp\/v2\/users\/1"}],"replies":[{"embeddable":true,"href":"https:\/\/lapeshouse.com\/es\/wp-json\/wp\/v2\/comments?post=402"}],"version-history":[{"count":31,"href":"https:\/\/lapeshouse.com\/es\/wp-json\/wp\/v2\/pages\/402\/revisions"}],"predecessor-version":[{"id":473,"href":"https:\/\/lapeshouse.com\/es\/wp-json\/wp\/v2\/pages\/402\/revisions\/473"}],"wp:attachment":[{"href":"https:\/\/lapeshouse.com\/es\/wp-json\/wp\/v2\/media?parent=402"}],"curies":[{"name":"wp","href":"https:\/\/api.w.org\/{rel}","templated":true}]}}