{"id":9,"date":"2025-10-19T14:53:30","date_gmt":"2025-10-19T14:53:30","guid":{"rendered":"https:\/\/mistyrose-salamander-382305.hostingersite.com\/home\/"},"modified":"2026-03-08T17:25:28","modified_gmt":"2026-03-08T17:25:28","slug":"home","status":"publish","type":"page","link":"https:\/\/lapeshouse.com\/es\/","title":{"rendered":"Inicio"},"content":{"rendered":"<div data-elementor-type=\"wp-page\" data-elementor-id=\"9\" class=\"elementor elementor-9\">\n\t\t\t\t<div class=\"elementor-element elementor-element-7439ac3 e-flex e-con-boxed e-con e-parent\" data-id=\"7439ac3\" data-element_type=\"container\">\n\t\t\t\t\t<div class=\"e-con-inner\">\n\t\t\t\t<div class=\"elementor-element elementor-element-1e2eb16 elementor-widget elementor-widget-heading\" data-id=\"1e2eb16\" data-element_type=\"widget\" data-widget_type=\"heading.default\">\n\t\t\t\t\t<h1 class=\"elementor-heading-title elementor-size-default\"><b>Casa Aurora<\/b><\/h1>\t\t\t\t<\/div>\n\t\t\t\t<div class=\"elementor-element elementor-element-0fe427d elementor-widget elementor-widget-text-editor\" data-id=\"0fe427d\" data-element_type=\"widget\" data-widget_type=\"text-editor.default\">\n\t\t\t\t\t\t\t\t\t<p>Alojamientos elegantes en el coraz\u00f3n hist\u00f3rico de \u00dabeda<\/p>\t\t\t\t\t\t\t\t<\/div>\n\t\t\t\t<div class=\"elementor-element elementor-element-7c7f5b5 elementor-widget elementor-widget-button\" data-id=\"7c7f5b5\" data-element_type=\"widget\" data-widget_type=\"button.default\">\n\t\t\t\t\t\t\t\t\t\t<a class=\"elementor-button elementor-button-link elementor-size-sm\" href=\"https:\/\/lapeshouse.com\/es\/descubre-el-encanto-del-sitio-web-para-apartamentos-aurora\/\">\n\t\t\t\t\t\t<span class=\"elementor-button-content-wrapper\">\n\t\t\t\t\t\t\t\t\t<span class=\"elementor-button-text\">Aprenda mas<\/span>\n\t\t\t\t\t<\/span>\n\t\t\t\t\t<\/a>\n\t\t\t\t\t\t\t\t<\/div>\n\t\t\t\t<div class=\"elementor-element elementor-element-ac5dd3d elementor-widget elementor-widget-button\" data-id=\"ac5dd3d\" data-element_type=\"widget\" data-widget_type=\"button.default\">\n\t\t\t\t\t\t\t\t\t\t<a class=\"elementor-button elementor-size-sm\" role=\"button\">\n\t\t\t\t\t\t<span class=\"elementor-button-content-wrapper\">\n\t\t\t\t\t\t\t\t\t<span class=\"elementor-button-text\">Reserva tu estancia<\/span>\n\t\t\t\t\t<\/span>\n\t\t\t\t\t<\/a>\n\t\t\t\t\t\t\t\t<\/div>\n\t\t\t\t<div class=\"elementor-element elementor-element-884f18f elementor-widget elementor-widget-image\" data-id=\"884f18f\" data-element_type=\"widget\" data-widget_type=\"image.default\">\n\t\t\t\t\t\t\t\t\t\t\t\t\t\t\t<img fetchpriority=\"high\" decoding=\"async\" width=\"683\" height=\"1024\" src=\"https:\/\/lapeshouse.com\/wp-content\/uploads\/2025\/10\/alcoleaFront-683x1024.png\" class=\"attachment-large size-large wp-image-19\" alt=\"\" srcset=\"https:\/\/lapeshouse.com\/wp-content\/uploads\/2025\/10\/alcoleaFront-683x1024.png 683w, https:\/\/lapeshouse.com\/wp-content\/uploads\/2025\/10\/alcoleaFront-200x300.png 200w, https:\/\/lapeshouse.com\/wp-content\/uploads\/2025\/10\/alcoleaFront-768x1152.png 768w, https:\/\/lapeshouse.com\/wp-content\/uploads\/2025\/10\/alcoleaFront.png 1024w\" sizes=\"(max-width: 683px) 100vw, 683px\" \/>\t\t\t\t\t\t\t\t\t\t\t\t\t\t\t<\/div>\n\t\t\t\t<div class=\"elementor-element elementor-element-2fcca0c elementor-widget elementor-widget-heading\" data-id=\"2fcca0c\" data-element_type=\"widget\" data-widget_type=\"heading.default\">\n\t\t\t\t\t<h3 class=\"elementor-heading-title elementor-size-default\">Vive el encanto de nuestro alojamiento renovado en \u00dabeda<\/h3>\t\t\t\t<\/div>\n\t\t\t\t<div class=\"elementor-element elementor-element-80eea24 elementor-align-center elementor-widget elementor-widget-button\" data-id=\"80eea24\" data-element_type=\"widget\" data-widget_type=\"button.default\">\n\t\t\t\t\t\t\t\t\t\t<a class=\"elementor-button elementor-button-link elementor-size-sm\" href=\"https:\/\/lapeshouse.com\/es\/contact-form\/\">\n\t\t\t\t\t\t<span class=\"elementor-button-content-wrapper\">\n\t\t\t\t\t\t\t\t\t<span class=\"elementor-button-text\">Contactanos\/ Has una pregunta<\/span>\n\t\t\t\t\t<\/span>\n\t\t\t\t\t<\/a>\n\t\t\t\t\t\t\t\t<\/div>\n\t\t\t\t\t<\/div>\n\t\t\t\t<\/div>\n\t\t\t\t<\/div>","protected":false},"excerpt":{"rendered":"<p>Aurora House Elegant accommodations\u00a0 in the historic heart of \u00dabeda Learn More Book your stay Experience the charm of our renovated accomodation in Ubeda Contact us \/ Ask a question<\/p>","protected":false},"author":1,"featured_media":0,"parent":0,"menu_order":0,"comment_status":"closed","ping_status":"closed","template":"","meta":{"footnotes":""},"class_list":["post-9","page","type-page","status-publish","hentry"],"_hostinger_reach_plugin_has_subscription_block":false,"_hostinger_reach_plugin_is_elementor":false,"_links":{"self":[{"href":"https:\/\/lapeshouse.com\/es\/wp-json\/wp\/v2\/pages\/9","targetHints":{"allow":["GET"]}}],"collection":[{"href":"https:\/\/lapeshouse.com\/es\/wp-json\/wp\/v2\/pages"}],"about":[{"href":"https:\/\/lapeshouse.com\/es\/wp-json\/wp\/v2\/types\/page"}],"author":[{"embeddable":true,"href":"https:\/\/lapeshouse.com\/es\/wp-json\/wp\/v2\/users\/1"}],"replies":[{"embeddable":true,"href":"https:\/\/lapeshouse.com\/es\/wp-json\/wp\/v2\/comments?post=9"}],"version-history":[{"count":103,"href":"https:\/\/lapeshouse.com\/es\/wp-json\/wp\/v2\/pages\/9\/revisions"}],"predecessor-version":[{"id":477,"href":"https:\/\/lapeshouse.com\/es\/wp-json\/wp\/v2\/pages\/9\/revisions\/477"}],"wp:attachment":[{"href":"https:\/\/lapeshouse.com\/es\/wp-json\/wp\/v2\/media?parent=9"}],"curies":[{"name":"wp","href":"https:\/\/api.w.org\/{rel}","templated":true}]}}